{"id":82,"date":"2018-01-16T19:37:58","date_gmt":"2018-01-16T19:37:58","guid":{"rendered":"https:\/\/www.adriandrska.sk\/index.php\/cookie-policy\/"},"modified":"2018-05-21T16:59:15","modified_gmt":"2018-05-21T16:59:15","slug":"cookie-policy","status":"publish","type":"page","link":"https:\/\/www.adriandrska.sk\/index.php\/cookie-policy\/","title":{"rendered":"Cookie Policy"},"content":{"rendered":"\t\t<div data-elementor-type=\"wp-post\" data-elementor-id=\"82\" class=\"elementor elementor-82 elementor-bc-flex-widget\">\n\t\t\t\t\t\t\t\t\t<section class=\"elementor-section elementor-top-section elementor-element elementor-element-3c0a9a73 elementor-section-full_width elementor-section-height-default elementor-section-height-default\" data-id=\"3c0a9a73\" data-element_type=\"section\" data-settings=\"{&quot;background_background&quot;:&quot;classic&quot;}\">\n\t\t\t\t\t\t<div class=\"elementor-container elementor-column-gap-default\">\n\t\t\t\t\t<div class=\"elementor-column elementor-col-100 elementor-top-column elementor-element elementor-element-1a74ab3b\" data-id=\"1a74ab3b\" data-element_type=\"column\">\n\t\t\t<div class=\"elementor-widget-wrap elementor-element-populated\">\n\t\t\t\t\t\t\t\t<div class=\"elementor-element elementor-element-5f292e50 elementor-widget elementor-widget-wp-widget-maxmegamenu\" data-id=\"5f292e50\" data-element_type=\"widget\" data-widget_type=\"wp-widget-maxmegamenu.default\">\n\t\t\t\t<div class=\"elementor-widget-container\">\n\t\t\t<nav id=\"wp-megamenu-top\" class=\"wp-megamenu-wrap   \">\n\t\t\t<div class=\"wpmm-fullwidth-wrap\"><\/div>\n\t\t\t<div class=\"wpmm-nav-wrap wpmm-main-wrap-top\">\n\t\t\t\t<a href=\"javascript:;\" class=\"wpmm_mobile_menu_btn show-close-icon\"><i class=\"fa fa-bars\"><\/i> <\/a> <div class='wpmm_brand_logo_wrap'><a href='https:\/\/www.adriandrska.sk\/'> <img src='https:\/\/www.adriandrska.sk\/wp-content\/uploads\/2018\/01\/log.png'  width='130px'   height='180px'  alt='Adri\u00e1n Dr\u0161ka'\/> <\/a> <\/div>\n\t\t\t\t\t<ul id=\"menu-hlavne-menu\" class=\"wp-megamenu\" ><li id=\"wp-megamenu-item-94\" class=\"menu-item menu-item-type-post_type menu-item-object-page menu-item-home wp-megamenu-item-94  wpmm_mega_menu  wpmm-none wpmm-submenu-right\"><a href=\"https:\/\/www.adriandrska.sk\/\">Domov<\/a><\/li>\n<li id=\"wp-megamenu-item-96\" class=\"menu-item menu-item-type-custom menu-item-object-custom menu-item-home wp-megamenu-item-96  wpmm_mega_menu  wpmm-none wpmm-submenu-right\"><a href=\"https:\/\/www.adriandrska.sk\/#omne\">O mne<\/a><\/li>\n<li id=\"wp-megamenu-item-95\" class=\"menu-item menu-item-type-custom menu-item-object-custom menu-item-home wp-megamenu-item-95  wpmm_mega_menu  wpmm-none wpmm-strees-default wpmm-submenu-right\"><a href=\"https:\/\/www.adriandrska.sk\/#portfolio\">Portf\u00f3lio <b class=\"fa fa-angle-down\"><\/b> <\/a>\n<ul class=\"wp-megamenu-sub-menu\" >\n\t<li id=\"wp-megamenu-item-5300835953881766490\" class=\"wpmm-row wp-megamenu-item-5300835953881766490 wpmm-submenu-right\">\n\t<ul class=\"wp-megamenu-sub-menu\" >\n\t\t<li id=\"wp-megamenu-item-6361954171351041611\" class=\"wpmm-col wpmm-col-3 wp-megamenu-item-6361954171351041611 wpmm-submenu-right\"><\/li>\n\t\t<li id=\"wp-megamenu-item-1.31228600248E+19\" class=\"wpmm-col wpmm-col-3 wp-megamenu-item-1.31228600248E+19 wpmm-submenu-right\"><\/li>\n\t\t<li id=\"wp-megamenu-item-5594021638204228096\" class=\"wpmm-col wpmm-col-3 wp-megamenu-item-5594021638204228096 wpmm-submenu-right\"><\/li>\n\t\t<li id=\"wp-megamenu-item-8001887158178050503\" class=\"wpmm-col wpmm-col-3 wp-megamenu-item-8001887158178050503 wpmm-submenu-right\"><\/li>\n\t<\/ul>\n<\/li>\n<\/ul>\n<\/li>\n<li id=\"wp-megamenu-item-99\" class=\"menu-item menu-item-type-custom menu-item-object-custom menu-item-home wp-megamenu-item-99  wpmm_mega_menu  wpmm-none wpmm-submenu-right\"><a href=\"https:\/\/www.adriandrska.sk\/#kontakt\">Kontakt<\/a><\/li>\n<li id=\"wp-megamenu-item-2448\" class=\"menu-item menu-item-type-post_type menu-item-object-page wp-megamenu-item-2448  wpmm_dropdown_menu  wpmm-none wpmm-submenu-right\"><a href=\"https:\/\/www.adriandrska.sk\/index.php\/svadobny-fotograf-trencin\/cennik\/\">Cenn\u00edk<\/a><\/li>\n<li id=\"wp-megamenu-item-3011\" class=\"menu-item menu-item-type-post_type menu-item-object-page wp-megamenu-item-3011  wpmm_dropdown_menu  wpmm-none wpmm-submenu-right\"><a href=\"https:\/\/www.adriandrska.sk\/?page_id=3008\">Blog o svadbe<\/a><\/li>\n<li id=\"wp-megamenu-item-3347\" class=\"menu-item menu-item-type-post_type menu-item-object-page wp-megamenu-item-3347  wpmm_dropdown_menu  wpmm-none wpmm-submenu-right\"><a href=\"https:\/\/www.adriandrska.sk\/index.php\/sukromna-galeria\/\">S\u00fakromn\u00e1 g\u00e1leria<\/a><\/li>\n<li id=\"wp-megamenu-item-wpmm-search-icon\" class=\"wpmm-social-link wpmm-social-link-search wp-megamenu-item-wpmm-search-icon  wpmm_dropdown_menu  wpmm-none wpmm-submenu-right\">\n\t                <div class='wpmm-search-wrap'>\n\t                    <a href='#' class='wpmm-search search-open-icon'><i class='fa fa-search'><\/i><\/a> \n\t                    <a href='#' class='wpmm-search search-close-icon'><i class='fa fa-times'><\/i><\/a>\n\t                    <div class='wpmm-search-input-wrap'>\n\t                        <div class='top-search-overlay'><\/div>\n\t                        \n                <form action='https:\/\/www.adriandrska.sk\/' method='get' role='search'>\n                  \t<div class='search-wrap'>\n                    \t<div class='search pull-right wpmm-top-search'>\n                        \t<input type='text' value='' name='s' id='s' class='form-control' placeholder='Search' autocomplete='off' \/>\t\n                    \t<\/div>\n                  \t<\/div>\n                <\/form>  \n             \n\t                    <\/div>\n\t                <\/div>\n                <\/li>\n<li id=\"wp-megamenu-item-facebook\" class=\"wpmm-social-link wpmm-social-link-facebook wpmm-social-index- wp-megamenu-item-facebook  wpmm_dropdown_menu  wpmm-none wpmm-submenu-right\"><a href=\"https:\/\/www.facebook.com\/FotografAdrianDrska\" target=\"_blank\" ><i class=\"fa fa-facebook\"><\/i><\/a><\/li>\n<li id=\"wp-megamenu-item-instagram\" class=\"wpmm-social-link wpmm-social-link-instagram wpmm-social-index- wp-megamenu-item-instagram  wpmm_dropdown_menu  wpmm-none wpmm-submenu-right\"><a href=\"https:\/\/www.instagram.com\/fotograf_adrian_drska\/\" target=\"_blank\" ><i class=\"fa fa-instagram\"><\/i><\/a><\/li>\n<\/ul>\n\t\t\t<\/div>\n\n\n\t\t\t\n\t\t    \n\t\t<\/nav>\t\t<\/div>\n\t\t\t\t<\/div>\n\t\t\t\t\t<\/div>\n\t\t<\/div>\n\t\t\t\t\t\t\t<\/div>\n\t\t<\/section>\n\t\t\t\t<section class=\"elementor-section elementor-top-section elementor-element elementor-element-714a97f elementor-section-boxed elementor-section-height-default elementor-section-height-default\" data-id=\"714a97f\" data-element_type=\"section\">\n\t\t\t\t\t\t<div class=\"elementor-container elementor-column-gap-default\">\n\t\t\t\t\t<div class=\"elementor-column elementor-col-100 elementor-top-column elementor-element elementor-element-add8676\" data-id=\"add8676\" data-element_type=\"column\">\n\t\t\t<div class=\"elementor-widget-wrap elementor-element-populated\">\n\t\t\t\t\t\t\t\t<div class=\"elementor-element elementor-element-3bac0f0 elementor-widget elementor-widget-heading\" data-id=\"3bac0f0\" data-element_type=\"widget\" data-widget_type=\"heading.default\">\n\t\t\t\t<div class=\"elementor-widget-container\">\n\t\t\t<style>\/*! elementor - v3.16.0 - 12-09-2023 *\/\n.elementor-heading-title{padding:0;margin:0;line-height:1}.elementor-widget-heading .elementor-heading-title[class*=elementor-size-]>a{color:inherit;font-size:inherit;line-height:inherit}.elementor-widget-heading .elementor-heading-title.elementor-size-small{font-size:15px}.elementor-widget-heading .elementor-heading-title.elementor-size-medium{font-size:19px}.elementor-widget-heading .elementor-heading-title.elementor-size-large{font-size:29px}.elementor-widget-heading .elementor-heading-title.elementor-size-xl{font-size:39px}.elementor-widget-heading .elementor-heading-title.elementor-size-xxl{font-size:59px}<\/style><h2 class=\"elementor-heading-title elementor-size-default\">Z\u00e1sady pou\u017e\u00edvania cookies<\/h2>\t\t<\/div>\n\t\t\t\t<\/div>\n\t\t\t\t\t<\/div>\n\t\t<\/div>\n\t\t\t\t\t\t\t<\/div>\n\t\t<\/section>\n\t\t\t\t<section class=\"elementor-section elementor-top-section elementor-element elementor-element-0f612c7 elementor-section-boxed elementor-section-height-default elementor-section-height-default\" data-id=\"0f612c7\" data-element_type=\"section\">\n\t\t\t\t\t\t<div class=\"elementor-container elementor-column-gap-default\">\n\t\t\t\t\t<div class=\"elementor-column elementor-col-100 elementor-top-column elementor-element elementor-element-4ee9b70\" data-id=\"4ee9b70\" data-element_type=\"column\">\n\t\t\t<div class=\"elementor-widget-wrap elementor-element-populated\">\n\t\t\t\t\t\t\t\t<div class=\"elementor-element elementor-element-217b8d9 elementor-widget elementor-widget-text-editor\" data-id=\"217b8d9\" data-element_type=\"widget\" data-widget_type=\"text-editor.default\">\n\t\t\t\t<div class=\"elementor-widget-container\">\n\t\t\t<style>\/*! elementor - v3.16.0 - 12-09-2023 *\/\n.elementor-widget-text-editor.elementor-drop-cap-view-stacked .elementor-drop-cap{background-color:#69727d;color:#fff}.elementor-widget-text-editor.elementor-drop-cap-view-framed .elementor-drop-cap{color:#69727d;border:3px solid;background-color:transparent}.elementor-widget-text-editor:not(.elementor-drop-cap-view-default) .elementor-drop-cap{margin-top:8px}.elementor-widget-text-editor:not(.elementor-drop-cap-view-default) .elementor-drop-cap-letter{width:1em;height:1em}.elementor-widget-text-editor .elementor-drop-cap{float:left;text-align:center;line-height:1;font-size:50px}.elementor-widget-text-editor .elementor-drop-cap-letter{display:inline-block}<\/style>\t\t\t\t<h3>V s\u00falade s\u00a0 \u00a7 55 ods.5 Z\u00e1kona NRSR \u010d. 351\/2011 Z.z. o elektronick\u00fdch komunik\u00e1ci\u00e1ch v znen\u00ed neskor\u0161\u00edch predpisov si v\u00e1s dovo\u013eujeme informova\u0165 o pou\u017e\u00edvan\u00ed cookies a upriami\u0165 va\u0161u pozornos\u0165 na\u00a0 mo\u017enos\u0165 zmeny nastavenia svojho internetov\u00e9ho prehliada\u010da pre pr\u00edpad, \u017ee v\u00e1m aktu\u00e1lne nastavenie vyu\u017e\u00edvania cookies nevyhovuje<strong>.<\/strong><\/h3><h3><strong>\u010co s\u00fa cookies?<\/strong><br \/>S\u00fabory cookies s\u00fa mal\u00e9 textov\u00e9 s\u00fabory, ktor\u00e9 m\u00f4\u017eu by\u0165 do internetov\u00e9ho prehliada\u010da odosielan\u00e9 pri n\u00e1v\u0161teve webov\u00fdch str\u00e1nok a ukladan\u00e9 do v\u00e1\u0161ho zariadenia (po\u010d\u00edta\u010da alebo do in\u00e9ho zariadenia s pr\u00edstupom na internet, ako napr. smartphone alebo tablet). S\u00fabory cookies sa ukladaj\u00fa do prie\u010dinka pre s\u00fabory v\u00e1\u0161ho internetov\u00e9ho\u00a0 prehliada\u010da. Cookies obvykle obsahuj\u00fa n\u00e1zov webovej str\u00e1nky, z ktorej poch\u00e1dzaj\u00fa a d\u00e1tum svojho vzniku. Pri \u010fal\u0161ej n\u00e1v\u0161teve str\u00e1nky webov\u00fd prehliada\u010d znovu na\u010d\u00edta s\u00fabory cookies a tieto inform\u00e1cie odo\u0161le sp\u00e4\u0165 webovej str\u00e1nke, ktor\u00e1 p\u00f4vodne cookies vytvorila. S\u00fabory cookies, ktor\u00e9 pou\u017e\u00edvame, nepo\u0161kodzuj\u00fa v\u00e1\u0161 po\u010d\u00edta\u010d.<\/h3><h3><strong>Pou\u017e\u00edvanie cookies<\/strong><br \/>Pou\u017e\u00edvan\u00edm str\u00e1nok vyjadrujete s\u00fahlas s pou\u017eit\u00edm cookies v s\u00falade s\u00a0 nastaven\u00edm v\u00e1\u0161ho internetov\u00e9ho prehliada\u010da. Ak nav\u0161t\u00edvite na\u0161e webov\u00e9 str\u00e1nky, v prehliada\u010di m\u00e1te povolen\u00e9 prij\u00edmanie s\u00faborov cookies, nevykon\u00e1te zmenu nastaven\u00ed v\u00e1\u0161ho internetov\u00e9ho prehliada\u010da a pokra\u010dujete v n\u00e1v\u0161teve na\u0161ich web str\u00e1nok\u00a0 pova\u017eujeme to za prijatie na\u0161ich podmienok pou\u017e\u00edvania s\u00faborov cookies.\u00a0<br \/><strong><br \/>Pre\u010do pou\u017e\u00edvame cookies?<br \/><\/strong>Cookies pou\u017e\u00edvame s cie\u013eom optim\u00e1lne vytv\u00e1ra\u0165 a neust\u00e1le skvalit\u0148ova\u0165 na\u0161e slu\u017eby, prisp\u00f4sobi\u0165 ich va\u0161im z\u00e1ujmom a potreb\u00e1m a zlep\u0161ova\u0165 ich \u0161trukt\u00faru a obsah ako aj na vytv\u00e1ranie zauj\u00edmav\u00fdch pon\u00fak pre V\u00e1s. Nepou\u017e\u00edvame \u00fadaje z\u00edskan\u00e9 pou\u017e\u00edvan\u00edm cookies ako kontaktn\u00e9 \u00fadaje na kontaktovanie V\u00e1s prostredn\u00edctvom po\u0161ty, elektronickej po\u0161ty alebo telef\u00f3nu. Cookies z\u00e1lohujeme po dobu 30 dn\u00ed.<\/h3><h3><strong>Ako m\u00f4\u017eete nastavenia cookies zmeni\u0165?<br \/><\/strong>V\u00e4\u010d\u0161ina internetov\u00fdch prehliada\u010dov je p\u00f4vodne nastaven\u00e1 na automatick\u00e9 akceptovanie cookies. Toto nastavenie m\u00f4\u017eete zmeni\u0165 zablokovan\u00edm cookies alebo upozornen\u00edm v pr\u00edpade, \u017ee sa maj\u00fa cookies posla\u0165 do v\u00e1\u0161ho zariadenia. In\u0161trukcie na zmenu cookies n\u00e1jdete vo vo\u013ebe \u201e pomoc\u201c ka\u017ed\u00e9ho prehliada\u010da. Ak pou\u017e\u00edvate rozli\u010dn\u00e9 zariadenia na pr\u00edstup k str\u00e1nkam (napr. po\u010d\u00edta\u010d, smartphone, tablet), odpor\u00fa\u010dame ka\u017ed\u00fd prehliada\u010d na ka\u017edom zariaden\u00ed prisp\u00f4sobi\u0165 va\u0161im preferenci\u00e1m cookies.\u00a0<\/h3><h3><strong>Pre\u010do si ponecha\u0165 nastavenie cookies?<br \/><\/strong>Pou\u017e\u00edvanie cookies a ich povolenie vo webovom prehliada\u010di je na va\u0161om rozhodnut\u00ed. V pr\u00edpade zmeny ich nastavenia v\u0161ak m\u00f4\u017eu ma\u0165 niektor\u00e9 na\u0161e webov\u00e9 str\u00e1nky obmedzen\u00fa funk\u010dnos\u0165 a zn\u00ed\u017een\u00fd u\u017e\u00edvate\u013esk\u00fd komfort.<\/h3>\t\t\t\t\t\t<\/div>\n\t\t\t\t<\/div>\n\t\t\t\t\t<\/div>\n\t\t<\/div>\n\t\t\t\t\t\t\t<\/div>\n\t\t<\/section>\n\t\t\t\t<footer class=\"elementor-section elementor-top-section elementor-element elementor-element-585602ca elementor-section-full_width elementor-section-height-default elementor-section-height-default\" data-id=\"585602ca\" data-element_type=\"section\" data-settings=\"{&quot;background_background&quot;:&quot;classic&quot;}\">\n\t\t\t\t\t\t<div class=\"elementor-container elementor-column-gap-default\">\n\t\t\t\t\t<div class=\"elementor-column elementor-col-100 elementor-top-column elementor-element elementor-element-62afba2b\" data-id=\"62afba2b\" data-element_type=\"column\">\n\t\t\t<div class=\"elementor-widget-wrap elementor-element-populated\">\n\t\t\t\t\t\t\t\t<div class=\"elementor-element elementor-element-12f8d344 elementor-widget elementor-widget-heading\" data-id=\"12f8d344\" data-element_type=\"widget\" data-widget_type=\"heading.default\">\n\t\t\t\t<div class=\"elementor-widget-container\">\n\t\t\t<p class=\"elementor-heading-title elementor-size-default\">\u00a9 ADRI\u00c1N DR\u0160KA 2018<br>\nMade with love by \ud83d\udca1 BESMART<\/p>\t\t<\/div>\n\t\t\t\t<\/div>\n\t\t\t\t\t<\/div>\n\t\t<\/div>\n\t\t\t\t\t\t\t<\/div>\n\t\t<\/footer>\n\t\t\t\t\t\t\t<\/div>\n\t\t","protected":false},"excerpt":{"rendered":"<p>Z\u00e1sady pou\u017e\u00edvania cookies V s\u00falade s\u00a0 \u00a7 55 ods.5 Z\u00e1kona NRSR \u010d. 351\/2011 Z.z. o elektronick\u00fdch komunik\u00e1ci\u00e1ch v znen\u00ed neskor\u0161\u00edch predpisov si v\u00e1s dovo\u013eujeme informova\u0165 o pou\u017e\u00edvan\u00ed cookies a upriami\u0165 va\u0161u pozornos\u0165 na\u00a0 mo\u017enos\u0165 zmeny nastavenia svojho internetov\u00e9ho prehliada\u010da pre pr\u00edpad, \u017ee v\u00e1m aktu\u00e1lne nastavenie vyu\u017e\u00edvania cookies nevyhovuje. \u010co s\u00fa cookies?S\u00fabory cookies s\u00fa mal\u00e9 textov\u00e9 &hellip; <\/p>\n<p class=\"link-more\"><a href=\"https:\/\/www.adriandrska.sk\/index.php\/cookie-policy\/\" class=\"more-link\">Pokra\u010dovat ve \u010dten\u00ed<span class=\"screen-reader-text\"> &#8222;Cookie Policy&#8220;<\/span><\/a><\/p>\n","protected":false},"author":1,"featured_media":0,"parent":0,"menu_order":0,"comment_status":"closed","ping_status":"closed","template":"elementor_canvas","meta":{"footnotes":""},"class_list":["post-82","page","type-page","status-publish","hentry"],"aioseo_notices":[],"rttpg_featured_image_url":null,"rttpg_author":{"display_name":"adriandrsk","author_link":"https:\/\/www.adriandrska.sk\/index.php\/author\/adriandrsk\/"},"rttpg_comment":0,"rttpg_category":null,"rttpg_excerpt":"Z\u00e1sady pou\u017e\u00edvania cookies V s\u00falade s\u00a0 \u00a7 55 ods.5 Z\u00e1kona NRSR \u010d. 351\/2011 Z.z. o elektronick\u00fdch komunik\u00e1ci\u00e1ch v znen\u00ed neskor\u0161\u00edch predpisov si v\u00e1s dovo\u013eujeme informova\u0165 o pou\u017e\u00edvan\u00ed cookies a upriami\u0165 va\u0161u pozornos\u0165 na\u00a0 mo\u017enos\u0165 zmeny nastavenia svojho internetov\u00e9ho prehliada\u010da pre pr\u00edpad, \u017ee v\u00e1m aktu\u00e1lne nastavenie vyu\u017e\u00edvania cookies nevyhovuje. \u010co s\u00fa cookies?S\u00fabory cookies s\u00fa mal\u00e9 textov\u00e9&hellip;","_links":{"self":[{"href":"https:\/\/www.adriandrska.sk\/index.php\/wp-json\/wp\/v2\/pages\/82","targetHints":{"allow":["GET"]}}],"collection":[{"href":"https:\/\/www.adriandrska.sk\/index.php\/wp-json\/wp\/v2\/pages"}],"about":[{"href":"https:\/\/www.adriandrska.sk\/index.php\/wp-json\/wp\/v2\/types\/page"}],"author":[{"embeddable":true,"href":"https:\/\/www.adriandrska.sk\/index.php\/wp-json\/wp\/v2\/users\/1"}],"replies":[{"embeddable":true,"href":"https:\/\/www.adriandrska.sk\/index.php\/wp-json\/wp\/v2\/comments?post=82"}],"version-history":[{"count":12,"href":"https:\/\/www.adriandrska.sk\/index.php\/wp-json\/wp\/v2\/pages\/82\/revisions"}],"predecessor-version":[{"id":978,"href":"https:\/\/www.adriandrska.sk\/index.php\/wp-json\/wp\/v2\/pages\/82\/revisions\/978"}],"wp:attachment":[{"href":"https:\/\/www.adriandrska.sk\/index.php\/wp-json\/wp\/v2\/media?parent=82"}],"curies":[{"name":"wp","href":"https:\/\/api.w.org\/{rel}","templated":true}]}}