{"id":469,"date":"2018-01-21T00:56:36","date_gmt":"2018-01-21T00:56:36","guid":{"rendered":"https:\/\/www.adriandrska.sk\/?page_id=469"},"modified":"2020-12-06T17:15:01","modified_gmt":"2020-12-06T17:15:01","slug":"ostatne","status":"publish","type":"page","link":"https:\/\/www.adriandrska.sk\/index.php\/ostatne\/","title":{"rendered":"Ostatn\u00e9"},"content":{"rendered":"\t\t<div data-elementor-type=\"wp-post\" data-elementor-id=\"469\" class=\"elementor elementor-469\">\n\t\t\t\t\t\t\t\t\t<section class=\"elementor-section elementor-top-section elementor-element elementor-element-3de83f6b elementor-section-full_width elementor-section-height-default elementor-section-height-default\" data-id=\"3de83f6b\" data-element_type=\"section\" data-settings=\"{&quot;background_background&quot;:&quot;classic&quot;}\">\n\t\t\t\t\t\t<div class=\"elementor-container elementor-column-gap-default\">\n\t\t\t\t\t<div class=\"elementor-column elementor-col-100 elementor-top-column elementor-element elementor-element-a9584ee\" data-id=\"a9584ee\" data-element_type=\"column\">\n\t\t\t<div class=\"elementor-widget-wrap elementor-element-populated\">\n\t\t\t\t\t\t\t\t<div class=\"elementor-element elementor-element-7e58eecf elementor-widget elementor-widget-wp-widget-maxmegamenu\" data-id=\"7e58eecf\" data-element_type=\"widget\" data-widget_type=\"wp-widget-maxmegamenu.default\">\n\t\t\t\t<div class=\"elementor-widget-container\">\n\t\t\t<nav id=\"wp-megamenu-top\" class=\"wp-megamenu-wrap   \">\n\t\t\t<div class=\"wpmm-fullwidth-wrap\"><\/div>\n\t\t\t<div class=\"wpmm-nav-wrap wpmm-main-wrap-top\">\n\t\t\t\t<a href=\"javascript:;\" class=\"wpmm_mobile_menu_btn show-close-icon\"><i class=\"fa fa-bars\"><\/i> <\/a> <div class='wpmm_brand_logo_wrap'><a href='https:\/\/www.adriandrska.sk\/'> <img src='https:\/\/www.adriandrska.sk\/wp-content\/uploads\/2018\/01\/log.png'  width='130px'   height='180px'  alt='Adri\u00e1n Dr\u0161ka'\/> <\/a> <\/div>\n\t\t\t\t\t<ul id=\"menu-hlavne-menu\" class=\"wp-megamenu\" ><li id=\"wp-megamenu-item-94\" class=\"menu-item menu-item-type-post_type menu-item-object-page menu-item-home wp-megamenu-item-94  wpmm_mega_menu  wpmm-none wpmm-submenu-right\"><a href=\"https:\/\/www.adriandrska.sk\/\">Domov<\/a><\/li>\n<li id=\"wp-megamenu-item-96\" class=\"menu-item menu-item-type-custom menu-item-object-custom menu-item-home wp-megamenu-item-96  wpmm_mega_menu  wpmm-none wpmm-submenu-right\"><a href=\"https:\/\/www.adriandrska.sk\/#omne\">O mne<\/a><\/li>\n<li id=\"wp-megamenu-item-95\" class=\"menu-item menu-item-type-custom menu-item-object-custom menu-item-home wp-megamenu-item-95  wpmm_mega_menu  wpmm-none wpmm-strees-default wpmm-submenu-right\"><a href=\"https:\/\/www.adriandrska.sk\/#portfolio\">Portf\u00f3lio <b class=\"fa fa-angle-down\"><\/b> <\/a>\n<ul class=\"wp-megamenu-sub-menu\" >\n\t<li id=\"wp-megamenu-item-4278133676831663426\" class=\"wpmm-row wp-megamenu-item-4278133676831663426 wpmm-submenu-right\">\n\t<ul class=\"wp-megamenu-sub-menu\" >\n\t\t<li id=\"wp-megamenu-item-1.17235262588E+19\" class=\"wpmm-col wpmm-col-3 wp-megamenu-item-1.17235262588E+19 wpmm-submenu-right\"><\/li>\n\t\t<li id=\"wp-megamenu-item-1.00571184457E+19\" class=\"wpmm-col wpmm-col-3 wp-megamenu-item-1.00571184457E+19 wpmm-submenu-right\"><\/li>\n\t\t<li id=\"wp-megamenu-item-7601269436277987901\" class=\"wpmm-col wpmm-col-3 wp-megamenu-item-7601269436277987901 wpmm-submenu-right\"><\/li>\n\t\t<li id=\"wp-megamenu-item-1.12008630388E+19\" class=\"wpmm-col wpmm-col-3 wp-megamenu-item-1.12008630388E+19 wpmm-submenu-right\"><\/li>\n\t<\/ul>\n<\/li>\n<\/ul>\n<\/li>\n<li id=\"wp-megamenu-item-99\" class=\"menu-item menu-item-type-custom menu-item-object-custom menu-item-home wp-megamenu-item-99  wpmm_mega_menu  wpmm-none wpmm-submenu-right\"><a href=\"https:\/\/www.adriandrska.sk\/#kontakt\">Kontakt<\/a><\/li>\n<li id=\"wp-megamenu-item-2448\" class=\"menu-item menu-item-type-post_type menu-item-object-page wp-megamenu-item-2448  wpmm_dropdown_menu  wpmm-none wpmm-submenu-right\"><a href=\"https:\/\/www.adriandrska.sk\/index.php\/svadobny-fotograf-trencin\/cennik\/\">Cenn\u00edk<\/a><\/li>\n<li id=\"wp-megamenu-item-3011\" class=\"menu-item menu-item-type-post_type menu-item-object-page wp-megamenu-item-3011  wpmm_dropdown_menu  wpmm-none wpmm-submenu-right\"><a href=\"https:\/\/www.adriandrska.sk\/?page_id=3008\">Blog o svadbe<\/a><\/li>\n<li id=\"wp-megamenu-item-3347\" class=\"menu-item menu-item-type-post_type menu-item-object-page wp-megamenu-item-3347  wpmm_dropdown_menu  wpmm-none wpmm-submenu-right\"><a href=\"https:\/\/www.adriandrska.sk\/index.php\/sukromna-galeria\/\">S\u00fakromn\u00e1 g\u00e1leria<\/a><\/li>\n<li id=\"wp-megamenu-item-wpmm-search-icon\" class=\"wpmm-social-link wpmm-social-link-search wp-megamenu-item-wpmm-search-icon  wpmm_dropdown_menu  wpmm-none wpmm-submenu-right\">\n\t                <div class='wpmm-search-wrap'>\n\t                    <a href='#' class='wpmm-search search-open-icon'><i class='fa fa-search'><\/i><\/a> \n\t                    <a href='#' class='wpmm-search search-close-icon'><i class='fa fa-times'><\/i><\/a>\n\t                    <div class='wpmm-search-input-wrap'>\n\t                        <div class='top-search-overlay'><\/div>\n\t                        \n                <form action='https:\/\/www.adriandrska.sk\/' method='get' role='search'>\n                  \t<div class='search-wrap'>\n                    \t<div class='search pull-right wpmm-top-search'>\n                        \t<input type='text' value='' name='s' id='s' class='form-control' placeholder='Search' autocomplete='off' \/>\t\n                    \t<\/div>\n                  \t<\/div>\n                <\/form>  \n             \n\t                    <\/div>\n\t                <\/div>\n                <\/li>\n<li id=\"wp-megamenu-item-facebook\" class=\"wpmm-social-link wpmm-social-link-facebook wpmm-social-index- wp-megamenu-item-facebook  wpmm_dropdown_menu  wpmm-none wpmm-submenu-right\"><a href=\"https:\/\/www.facebook.com\/FotografAdrianDrska\" target=\"_blank\" ><i class=\"fa fa-facebook\"><\/i><\/a><\/li>\n<li id=\"wp-megamenu-item-instagram\" class=\"wpmm-social-link wpmm-social-link-instagram wpmm-social-index- wp-megamenu-item-instagram  wpmm_dropdown_menu  wpmm-none wpmm-submenu-right\"><a href=\"https:\/\/www.instagram.com\/fotograf_adrian_drska\/\" target=\"_blank\" ><i class=\"fa fa-instagram\"><\/i><\/a><\/li>\n<\/ul>\n\t\t\t<\/div>\n\n\n\t\t\t\n\t\t    \n\t\t<\/nav>\t\t<\/div>\n\t\t\t\t<\/div>\n\t\t\t\t\t<\/div>\n\t\t<\/div>\n\t\t\t\t\t\t\t<\/div>\n\t\t<\/section>\n\t\t\t\t<section class=\"elementor-section elementor-top-section elementor-element elementor-element-510da9c4 elementor-section-boxed elementor-section-height-default elementor-section-height-default\" data-id=\"510da9c4\" data-element_type=\"section\">\n\t\t\t\t\t\t<div class=\"elementor-container elementor-column-gap-default\">\n\t\t\t\t\t<div class=\"elementor-column elementor-col-66 elementor-top-column elementor-element elementor-element-54a35f2c\" data-id=\"54a35f2c\" data-element_type=\"column\">\n\t\t\t<div class=\"elementor-widget-wrap elementor-element-populated\">\n\t\t\t\t\t\t\t\t<div class=\"elementor-element elementor-element-24d5e5b8 elementor-widget elementor-widget-heading\" data-id=\"24d5e5b8\" data-element_type=\"widget\" data-widget_type=\"heading.default\">\n\t\t\t\t<div class=\"elementor-widget-container\">\n\t\t\t<style>\/*! elementor - v3.16.0 - 12-09-2023 *\/\n.elementor-heading-title{padding:0;margin:0;line-height:1}.elementor-widget-heading .elementor-heading-title[class*=elementor-size-]>a{color:inherit;font-size:inherit;line-height:inherit}.elementor-widget-heading .elementor-heading-title.elementor-size-small{font-size:15px}.elementor-widget-heading .elementor-heading-title.elementor-size-medium{font-size:19px}.elementor-widget-heading .elementor-heading-title.elementor-size-large{font-size:29px}.elementor-widget-heading .elementor-heading-title.elementor-size-xl{font-size:39px}.elementor-widget-heading .elementor-heading-title.elementor-size-xxl{font-size:59px}<\/style><h2 class=\"elementor-heading-title elementor-size-default\"><a href=\"https:\/\/www.adriandrska.sk\/index.php\/ostatne\/ludia\/\">Portr\u00e9ty<\/a><\/h2>\t\t<\/div>\n\t\t\t\t<\/div>\n\t\t\t\t\t<\/div>\n\t\t<\/div>\n\t\t\t\t<div class=\"elementor-column elementor-col-33 elementor-top-column elementor-element elementor-element-3ad364ce\" data-id=\"3ad364ce\" data-element_type=\"column\">\n\t\t\t<div class=\"elementor-widget-wrap elementor-element-populated\">\n\t\t\t\t\t\t\t\t<div class=\"elementor-element elementor-element-3b82b897 elementor-widget elementor-widget-heading\" data-id=\"3b82b897\" data-element_type=\"widget\" data-widget_type=\"heading.default\">\n\t\t\t\t<div class=\"elementor-widget-container\">\n\t\t\t<h2 class=\"elementor-heading-title elementor-size-default\"><a href=\"https:\/\/www.adriandrska.sk\/index.php\/ostatne\/deti\/\">Detsk\u00e1 rados\u0165<\/a><\/h2>\t\t<\/div>\n\t\t\t\t<\/div>\n\t\t\t\t<div class=\"elementor-element elementor-element-4cc671cf elementor-widget elementor-widget-heading\" data-id=\"4cc671cf\" data-element_type=\"widget\" data-widget_type=\"heading.default\">\n\t\t\t\t<div class=\"elementor-widget-container\">\n\t\t\t<h2 class=\"elementor-heading-title elementor-size-default\"><a href=\"https:\/\/www.adriandrska.sk\/index.php\/ostatne\/tehotne\/\">Tehotensk\u00e9<\/a><\/h2>\t\t<\/div>\n\t\t\t\t<\/div>\n\t\t\t\t\t<\/div>\n\t\t<\/div>\n\t\t\t\t\t\t\t<\/div>\n\t\t<\/section>\n\t\t\t\t<section class=\"elementor-section elementor-top-section elementor-element elementor-element-003a56e elementor-section-boxed elementor-section-height-default elementor-section-height-default\" data-id=\"003a56e\" data-element_type=\"section\">\n\t\t\t\t\t\t<div class=\"elementor-container elementor-column-gap-default\">\n\t\t\t\t\t<div class=\"elementor-column elementor-col-50 elementor-top-column elementor-element elementor-element-fd39da4\" data-id=\"fd39da4\" data-element_type=\"column\" data-settings=\"{&quot;background_background&quot;:&quot;classic&quot;}\">\n\t\t\t<div class=\"elementor-widget-wrap elementor-element-populated\">\n\t\t\t\t\t\t\t\t<div class=\"elementor-element elementor-element-ee1353f elementor-widget elementor-widget-heading\" data-id=\"ee1353f\" data-element_type=\"widget\" data-widget_type=\"heading.default\">\n\t\t\t\t<div class=\"elementor-widget-container\">\n\t\t\t<h2 class=\"elementor-heading-title elementor-size-default\"><a href=\"https:\/\/www.adriandrska.sk\/index.php\/ostatne\/interier\/\">Interi\u00e9r<\/a><\/h2>\t\t<\/div>\n\t\t\t\t<\/div>\n\t\t\t\t<div class=\"elementor-element elementor-element-a9dbc4f elementor-widget elementor-widget-heading\" data-id=\"a9dbc4f\" data-element_type=\"widget\" data-settings=\"{&quot;_animation&quot;:&quot;none&quot;}\" data-widget_type=\"heading.default\">\n\t\t\t\t<div class=\"elementor-widget-container\">\n\t\t\t<h2 class=\"elementor-heading-title elementor-size-default\"><a href=\"https:\/\/www.adriandrska.sk\/index.php\/ostatne\/vianocne\/\">Viano\u010dn\u00e9<\/a><\/h2>\t\t<\/div>\n\t\t\t\t<\/div>\n\t\t\t\t\t<\/div>\n\t\t<\/div>\n\t\t\t\t<div class=\"elementor-column elementor-col-50 elementor-top-column elementor-element elementor-element-66caacc\" data-id=\"66caacc\" data-element_type=\"column\">\n\t\t\t<div class=\"elementor-widget-wrap elementor-element-populated\">\n\t\t\t\t\t\t\t\t<div class=\"elementor-element elementor-element-3f12016 elementor-widget elementor-widget-heading\" data-id=\"3f12016\" data-element_type=\"widget\" data-widget_type=\"heading.default\">\n\t\t\t\t<div class=\"elementor-widget-container\">\n\t\t\t<h2 class=\"elementor-heading-title elementor-size-default\"><a href=\"https:\/\/www.adriandrska.sk\/index.php\/ostatne\/krajina\/\">Kr\u00e1sy pr\u00edrody<\/a><\/h2>\t\t<\/div>\n\t\t\t\t<\/div>\n\t\t\t\t\t<\/div>\n\t\t<\/div>\n\t\t\t\t\t\t\t<\/div>\n\t\t<\/section>\n\t\t\t\t<footer class=\"elementor-section elementor-top-section elementor-element elementor-element-365acabb elementor-section-full_width elementor-section-height-default elementor-section-height-default\" data-id=\"365acabb\" data-element_type=\"section\" data-settings=\"{&quot;background_background&quot;:&quot;classic&quot;}\">\n\t\t\t\t\t\t<div class=\"elementor-container elementor-column-gap-default\">\n\t\t\t\t\t<div class=\"elementor-column elementor-col-100 elementor-top-column elementor-element elementor-element-49ee30b1\" data-id=\"49ee30b1\" data-element_type=\"column\">\n\t\t\t<div class=\"elementor-widget-wrap elementor-element-populated\">\n\t\t\t\t\t\t\t\t<div class=\"elementor-element elementor-element-478df258 elementor-widget elementor-widget-heading\" data-id=\"478df258\" data-element_type=\"widget\" data-widget_type=\"heading.default\">\n\t\t\t\t<div class=\"elementor-widget-container\">\n\t\t\t<p class=\"elementor-heading-title elementor-size-default\">\u00a9 ADRI\u00c1N DR\u0160KA 2018<br>\nMade with love by \ud83d\udca1 BESMART<\/p>\t\t<\/div>\n\t\t\t\t<\/div>\n\t\t\t\t\t<\/div>\n\t\t<\/div>\n\t\t\t\t\t\t\t<\/div>\n\t\t<\/footer>\n\t\t\t\t\t\t\t<\/div>\n\t\t","protected":false},"excerpt":{"rendered":"<p>Portr\u00e9ty Detsk\u00e1 rados\u0165 Tehotensk\u00e9 Interi\u00e9r Viano\u010dn\u00e9 Kr\u00e1sy pr\u00edrody \u00a9 ADRI\u00c1N DR\u0160KA 2018 Made with love by ? BESMART<\/p>\n","protected":false},"author":2,"featured_media":0,"parent":0,"menu_order":0,"comment_status":"closed","ping_status":"closed","template":"elementor_canvas","meta":{"footnotes":""},"class_list":["post-469","page","type-page","status-publish","hentry"],"aioseo_notices":[],"rttpg_featured_image_url":null,"rttpg_author":{"display_name":"Samuel Pa\u0161ka","author_link":"https:\/\/www.adriandrska.sk\/index.php\/author\/pasec\/"},"rttpg_comment":0,"rttpg_category":null,"rttpg_excerpt":"Portr\u00e9ty Detsk\u00e1 rados\u0165 Tehotensk\u00e9 Interi\u00e9r Viano\u010dn\u00e9 Kr\u00e1sy pr\u00edrody \u00a9 ADRI\u00c1N DR\u0160KA 2018 Made with love by ? BESMART","_links":{"self":[{"href":"https:\/\/www.adriandrska.sk\/index.php\/wp-json\/wp\/v2\/pages\/469","targetHints":{"allow":["GET"]}}],"collection":[{"href":"https:\/\/www.adriandrska.sk\/index.php\/wp-json\/wp\/v2\/pages"}],"about":[{"href":"https:\/\/www.adriandrska.sk\/index.php\/wp-json\/wp\/v2\/types\/page"}],"author":[{"embeddable":true,"href":"https:\/\/www.adriandrska.sk\/index.php\/wp-json\/wp\/v2\/users\/2"}],"replies":[{"embeddable":true,"href":"https:\/\/www.adriandrska.sk\/index.php\/wp-json\/wp\/v2\/comments?post=469"}],"version-history":[{"count":59,"href":"https:\/\/www.adriandrska.sk\/index.php\/wp-json\/wp\/v2\/pages\/469\/revisions"}],"predecessor-version":[{"id":1857,"href":"https:\/\/www.adriandrska.sk\/index.php\/wp-json\/wp\/v2\/pages\/469\/revisions\/1857"}],"wp:attachment":[{"href":"https:\/\/www.adriandrska.sk\/index.php\/wp-json\/wp\/v2\/media?parent=469"}],"curies":[{"name":"wp","href":"https:\/\/api.w.org\/{rel}","templated":true}]}}