{"id":3333,"date":"2023-11-04T12:34:45","date_gmt":"2023-11-04T12:34:45","guid":{"rendered":"https:\/\/www.adriandrska.sk\/?page_id=3333"},"modified":"2025-06-30T19:29:24","modified_gmt":"2025-06-30T19:29:24","slug":"sukromna-galeria","status":"publish","type":"page","link":"https:\/\/www.adriandrska.sk\/index.php\/sukromna-galeria\/","title":{"rendered":"S\u00fakromn\u00e1 g\u00e1leria"},"content":{"rendered":"\t\t<div data-elementor-type=\"wp-page\" data-elementor-id=\"3333\" class=\"elementor elementor-3333\">\n\t\t\t\t\t\t\t\t\t<section class=\"elementor-section elementor-top-section elementor-element elementor-element-9f11b50 elementor-section-boxed elementor-section-height-default elementor-section-height-default\" data-id=\"9f11b50\" data-element_type=\"section\">\n\t\t\t\t\t\t<div class=\"elementor-container elementor-column-gap-default\">\n\t\t\t\t\t<div class=\"elementor-column elementor-col-100 elementor-top-column elementor-element elementor-element-1672d12\" data-id=\"1672d12\" data-element_type=\"column\">\n\t\t\t<div class=\"elementor-widget-wrap elementor-element-populated\">\n\t\t\t\t\t\t\t\t<div class=\"elementor-element elementor-element-f115d6a elementor-widget elementor-widget-image\" data-id=\"f115d6a\" data-element_type=\"widget\" data-widget_type=\"image.default\">\n\t\t\t\t<div class=\"elementor-widget-container\">\n\t\t\t<style>\/*! elementor - v3.16.0 - 12-09-2023 *\/\n.elementor-widget-image{text-align:center}.elementor-widget-image a{display:inline-block}.elementor-widget-image a img[src$=\".svg\"]{width:48px}.elementor-widget-image img{vertical-align:middle;display:inline-block}<\/style>\t\t\t\t\t\t\t\t\t\t\t\t<img loading=\"lazy\" decoding=\"async\" width=\"150\" height=\"150\" src=\"https:\/\/www.adriandrska.sk\/wp-content\/uploads\/2025\/06\/Green-and-Light-Green-Buy-1-Get-1-Skincare-Product-Promotion-for-Instagram-Post-150x150.png\" class=\"attachment-thumbnail size-thumbnail wp-image-3968\" alt=\"\" sizes=\"auto, 100vw\" \/>\t\t\t\t\t\t\t\t\t\t\t\t\t\t\t<\/div>\n\t\t\t\t<\/div>\n\t\t\t\t\t<\/div>\n\t\t<\/div>\n\t\t\t\t\t\t\t<\/div>\n\t\t<\/section>\n\t\t\t\t\t\t\t<\/div>\n\t\t","protected":false},"excerpt":{"rendered":"","protected":false},"author":3,"featured_media":0,"parent":0,"menu_order":0,"comment_status":"closed","ping_status":"closed","template":"elementor_header_footer","meta":{"footnotes":""},"class_list":["post-3333","page","type-page","status-publish","hentry"],"aioseo_notices":[],"rttpg_featured_image_url":null,"rttpg_author":{"display_name":"Adri\u00e1n Dr\u0161ka","author_link":"https:\/\/www.adriandrska.sk\/index.php\/author\/adrian\/"},"rttpg_comment":0,"rttpg_category":null,"rttpg_excerpt":null,"_links":{"self":[{"href":"https:\/\/www.adriandrska.sk\/index.php\/wp-json\/wp\/v2\/pages\/3333","targetHints":{"allow":["GET"]}}],"collection":[{"href":"https:\/\/www.adriandrska.sk\/index.php\/wp-json\/wp\/v2\/pages"}],"about":[{"href":"https:\/\/www.adriandrska.sk\/index.php\/wp-json\/wp\/v2\/types\/page"}],"author":[{"embeddable":true,"href":"https:\/\/www.adriandrska.sk\/index.php\/wp-json\/wp\/v2\/users\/3"}],"replies":[{"embeddable":true,"href":"https:\/\/www.adriandrska.sk\/index.php\/wp-json\/wp\/v2\/comments?post=3333"}],"version-history":[{"count":13,"href":"https:\/\/www.adriandrska.sk\/index.php\/wp-json\/wp\/v2\/pages\/3333\/revisions"}],"predecessor-version":[{"id":4490,"href":"https:\/\/www.adriandrska.sk\/index.php\/wp-json\/wp\/v2\/pages\/3333\/revisions\/4490"}],"wp:attachment":[{"href":"https:\/\/www.adriandrska.sk\/index.php\/wp-json\/wp\/v2\/media?parent=3333"}],"curies":[{"name":"wp","href":"https:\/\/api.w.org\/{rel}","templated":true}]}}